{"id":370,"date":"2017-12-22T12:01:18","date_gmt":"2017-12-22T11:01:18","guid":{"rendered":"https:\/\/cio-pontarlier.ac-besancon.fr\/?page_id=370"},"modified":"2024-10-16T15:12:43","modified_gmt":"2024-10-16T13:12:43","slug":"quest-ce-quune-psy-e-n-edo","status":"publish","type":"page","link":"https:\/\/cio-pontarlier.ac-besancon.fr\/?page_id=370","title":{"rendered":"Qu&rsquo;est- ce qu&rsquo;un(e) Psy E.N EDO ?"},"content":{"rendered":"<h4><span style=\"color: #0000ff\"><strong>Qu\u2019est- ce qu\u2019un(e) PSY E.N EDO ?<\/strong><\/span><\/h4>\n<h4>(Psychologue&nbsp; de l&rsquo;\u00c9ducation nationale &#8211; sp\u00e9cialit\u00e9 \u00c9ducation D\u00e9veloppement et Conseil en Orientation Scolaire et professionnelle)<\/h4>\n<p>A la rentr\u00e9e 2017, les Psychologues Scolaires et les Conseillers d&rsquo;Orientation- Psychologues sont r\u00e9unis dans le corps unique des Psychologues de l&rsquo;\u00c9ducation nationale, tout en gardant leur sp\u00e9cificit\u00e9 sur le 1er ou 2\u00e8me degr\u00e9.<\/p>\n<p>C\u2019est un professionnel qualifi\u00e9, sp\u00e9cialis\u00e9 dans l\u2019\u00e9coute, le conseil et l\u2019information scolaire et professionnelle. Il re\u00e7oit des publics vari\u00e9s: coll\u00e9giens, lyc\u00e9ens, \u00e9tudiants, adultes. Il travaille au Centre d\u2019Information et d\u2019Orientation (CIO) et dans les \u00e9tablissements scolaires publics, au contact des \u00e9l\u00e8ves et des \u00e9quipes \u00e9ducatives. Il utilise des techniques d\u2019entretien, des questionnaires d\u2019int\u00e9r\u00eat et s\u2019appuie sur une documentation r\u00e9guli\u00e8rement mise \u00e0 jour. Le PSY E.N EDO est un fonctionnaire de l\u2019\u00c9ducation nationale recrut\u00e9 par voie de concours \u00e0 partir d&rsquo;un master 2 de psychologie. Il suit ensuite une formation de 2 ans \u00e0 la fois th\u00e9orique et pratique pour obtenir le dipl\u00f4me d\u2019\u00e9tat.<\/p>\n<p><span style=\"color: #0000ff\"><strong>En tant que parent<\/strong><\/span><\/p>\n<ul>\n<li>Il sait ce qu&rsquo;il veut faire plus tard, mais pourra- t&rsquo;il y arriver ? O\u00f9 doit- il aller ?<\/li>\n<li>Il ne sait pas ce qu&rsquo;il veut faire plus tard, il est perdu&#8230;.Il a besoin de conseils&#8230;.<\/li>\n<li>Mon enfant n&rsquo;est pas motiv\u00e9 pour l&rsquo;\u00e9cole&#8230;.Il a des difficult\u00e9s scolaires&#8230;Il d\u00e9croche&#8230;.Il a du mal \u00e0 s&rsquo;adapter au coll\u00e8ge&#8230;.<\/li>\n<li>Quels \u00e9tablissements lui conviendraient ?<\/li>\n<li>Mon enfant va mal, je ne sais pas comment l&rsquo;aider. Je n&rsquo;arrive plus \u00e0 communiquer avec lui&#8230;<\/li>\n<\/ul>\n<p><span style=\"color: #0000ff\"><strong>En tant qu&rsquo;\u00e9l\u00e8ve<\/strong><\/span><\/p>\n<ul>\n<li>Je sais quel m\u00e9tier je voudrais faire&#8230;.Comment y arriver ?<\/li>\n<li>Je me pose des questions sur les \u00e9tudes que je pourrais faire&#8230;<\/li>\n<li>Que peut- on faire avec un bac professionnel ?<\/li>\n<li>Je ne sais pas quoi faire l&rsquo;ann\u00e9e prochaine&#8230;<\/li>\n<li>Je ne suis pas scolaire. Ais- je d&rsquo;autres solutions ?<\/li>\n<li>J&rsquo;en ai marre de l&rsquo;\u00e9cole, je suis d\u00e9motiv\u00e9&#8230;<\/li>\n<li>Je ne comprends pas ce qu&rsquo;il m&rsquo;arrive, je suis d\u00e9courag\u00e9, je suis triste, je suis en conflit avec les autres&#8230;<\/li>\n<\/ul>\n<p><span style=\"color: #0000ff\"><strong>Le r\u00f4le du Psychologue de l&rsquo;\u00c9ducation nationale<\/strong><\/span><\/p>\n<ul>\n<li>Favoriser la r\u00e9ussite et l&rsquo;investissement scolaire des \u00e9l\u00e8ves<\/li>\n<li>Accompagner les \u00e9l\u00e8ves rencontrant des difficult\u00e9s, en situation de handicap ou en risque de rupture scolaire<\/li>\n<li>Aider chacun \u00e0 d\u00e9finir son parcours d&rsquo;orientation \u00e0 partir de ses centres d&rsquo;int\u00e9r\u00eats, comp\u00e9tences et situation personnelle<\/li>\n<li>Ils peuvent \u00eatre amen\u00e9s, en fonction des situations, \u00e0 faire passer des questionnaires d&rsquo;int\u00e9r\u00eat pour aider \u00e0 la r\u00e9flexion sur le projet ou un bilan psychologique pour \u00e9valuer le fonctionnement intellectuel et cognitif<\/li>\n<li>Le Psychologue de l&rsquo;\u00c9ducation nationale re\u00e7oit les jeunes et leurs familles en entretien individuel. il intervient en classe pour assurer des ateliers. Il travaille en collaboration avec les \u00e9quipes \u00e9ducatives.<\/li>\n<\/ul>\n","protected":false},"excerpt":{"rendered":"<p>Qu\u2019est- ce qu\u2019un(e) PSY E.N EDO ? (Psychologue&nbsp; de l&rsquo;\u00c9ducation nationale &#8211; sp\u00e9cialit\u00e9 \u00c9ducation D\u00e9veloppement et Conseil en Orientation Scolaire et professionnelle) A la rentr\u00e9e 2017, les Psychologues Scolaires et les Conseillers d&rsquo;Orientation- Psychologues sont r\u00e9unis dans le corps unique &hellip; <a href=\"https:\/\/cio-pontarlier.ac-besancon.fr\/?page_id=370\">Continuer la lecture <span class=\"meta-nav\">&rarr;<\/span><\/a><\/p>\n","protected":false},"author":991,"featured_media":0,"parent":31,"menu_order":2,"comment_status":"closed","ping_status":"closed","template":"onecolumn-page.php","meta":{"ngg_post_thumbnail":0,"footnotes":""},"class_list":["post-370","page","type-page","status-publish","hentry"],"publishpress_future_action":{"enabled":false,"date":"2026-05-13 18:05:56","action":"change-status","newStatus":"draft","terms":[],"taxonomy":"","extraData":[]},"publishpress_future_workflow_manual_trigger":{"enabledWorkflows":[]},"_links":{"self":[{"href":"https:\/\/cio-pontarlier.ac-besancon.fr\/index.php?rest_route=\/wp\/v2\/pages\/370","targetHints":{"allow":["GET"]}}],"collection":[{"href":"https:\/\/cio-pontarlier.ac-besancon.fr\/index.php?rest_route=\/wp\/v2\/pages"}],"about":[{"href":"https:\/\/cio-pontarlier.ac-besancon.fr\/index.php?rest_route=\/wp\/v2\/types\/page"}],"author":[{"embeddable":true,"href":"https:\/\/cio-pontarlier.ac-besancon.fr\/index.php?rest_route=\/wp\/v2\/users\/991"}],"replies":[{"embeddable":true,"href":"https:\/\/cio-pontarlier.ac-besancon.fr\/index.php?rest_route=%2Fwp%2Fv2%2Fcomments&post=370"}],"version-history":[{"count":7,"href":"https:\/\/cio-pontarlier.ac-besancon.fr\/index.php?rest_route=\/wp\/v2\/pages\/370\/revisions"}],"predecessor-version":[{"id":790,"href":"https:\/\/cio-pontarlier.ac-besancon.fr\/index.php?rest_route=\/wp\/v2\/pages\/370\/revisions\/790"}],"up":[{"embeddable":true,"href":"https:\/\/cio-pontarlier.ac-besancon.fr\/index.php?rest_route=\/wp\/v2\/pages\/31"}],"wp:attachment":[{"href":"https:\/\/cio-pontarlier.ac-besancon.fr\/index.php?rest_route=%2Fwp%2Fv2%2Fmedia&parent=370"}],"curies":[{"name":"wp","href":"https:\/\/api.w.org\/{rel}","templated":true}]}}