{"id":248,"date":"2025-09-26T10:30:36","date_gmt":"2025-09-26T08:30:36","guid":{"rendered":"https:\/\/cio-pontarlier.ac-besancon.fr\/?page_id=248"},"modified":"2025-10-14T12:24:58","modified_gmt":"2025-10-14T10:24:58","slug":"rencontrer-une-conseillere","status":"publish","type":"page","link":"https:\/\/cio-pontarlier.ac-besancon.fr\/?page_id=248","title":{"rendered":"Rencontrer un(e) psychologue de l&rsquo;Education Nationale"},"content":{"rendered":"<h2 style=\"margin: 0cm 0cm 0.0001pt;text-align: center\" align=\"center\"><span style=\"color: #800080\"><strong><u><span style=\"font-size: 16pt\">Au CIO*<\/span><\/u><\/strong><\/span><u><span style=\"font-size: 16pt;color: blue\"><br \/>\n<\/span><\/u><span style=\"color: #800080\"><strong><span style=\"font-size: 14pt\">(sur rendez-vous)<\/span><\/strong><\/span><\/h2>\n<p style=\"margin: 0cm 0cm 0.0001pt\">&nbsp;<\/p>\n<p style=\"margin: 0cm 0cm 0.0001pt\"><span style=\"color: #000000\">\u2192 Du lundi au vendredi de 13h30 \u00e0 17h30 <strong>sur rendez-vous<\/strong> <\/span><span style=\"color: #000000\">: <span style=\"font-weight: normal\">prendre contact<\/span> directement <span style=\"font-weight: normal\">avec le<\/span> CIO <span style=\"font-weight: normal\">au<\/span> <strong>03 81 46 80 50<\/strong><\/span><\/p>\n<h4>&nbsp;<\/h4>\n<h4 style=\"margin: 0cm 0cm 0.0001pt;background: #f8effb none repeat scroll 0% 0%\"><strong>Lundi<\/strong> : Nolwenn GIBAUD \/ Aline MULLER<\/h4>\n<h4 style=\"margin: 0cm 0cm 0.0001pt;background: #f8effb none repeat scroll 0% 0%\"><strong>Mardi :<\/strong> Emmanuelle TORNARE&nbsp; (1 mardi sur 2)<strong><br \/>\n<\/strong><\/h4>\n<h4 style=\"margin: 0cm 0cm 0.0001pt;background: #f8effb none repeat scroll 0% 0%\"><strong>Mercredi : <\/strong>Margaux DUPIRE et Cl\u00e9mentine MICHOULIER<strong><br \/>\n<\/strong><\/h4>\n<h4 style=\"margin: 0cm 0cm 0.0001pt;background: #f8effb none repeat scroll 0% 0%\"><strong>Jeudi<\/strong> : Karine CASSARD<\/h4>\n<h4 style=\"margin: 0cm 0cm 0.0001pt;background: #f8effb none repeat scroll 0% 0%\"><strong>&nbsp;Vendredi : <\/strong>Aurore FORNARA-GAVIGNET<strong><br \/>\n<\/strong><\/h4>\n<h4>&nbsp;<\/h4>\n<h4 style=\"margin: 0cm 0cm 0.0001pt;background: #f8effb none repeat scroll 0% 0%\">* Ce planning peut \u00eatre soumis \u00e0 changement de derni\u00e8re minute. Veuillez contacter le CIO pour plus de pr\u00e9cisions.<\/h4>\n<p>&nbsp;<\/p>\n<p>&nbsp;<\/p>\n<h2 style=\"margin: 0cm 0cm 0.0001pt;text-align: center\" align=\"center\"><span style=\"color: #800080\"><strong><u><span style=\"font-size: 16pt\">Dans les \u00e9tablissements publics du bassin<\/span><\/u><\/strong><\/span><u><span style=\"font-size: 16pt;color: blue\"><br \/>\n<\/span><\/u><\/h2>\n<p><b><span style=\"font-family: Verdana;color: blue\">&nbsp;<\/span><\/b><\/p>\n<p style=\"text-align: justify\"><span style=\"font-family: Verdana;color: black\">Les PSY E.N EDO assurent aussi <strong>des permanences dans les coll\u00e8ges et lyc\u00e9es publics<\/strong> <strong>du bassin d\u2019\u00e9ducation du Haut- Doubs.<\/strong> Contactez votre \u00e9tablissement pour obtenir un rendez-vous individuel.<\/span><\/p>\n<p><a href=\"https:\/\/cio-pontarlier.ac-besancon.fr\/wp-content\/uploads\/sites\/128\/2025\/10\/EDT-COLLEGE.doc\">EDT COLLEGE<\/a><\/p>\n<h1 style=\"text-align: center\"><span style=\"color: #ff6600\"><strong><u>Les coll\u00e8ges<\/u><\/strong>&nbsp;<\/span><\/h1>\n<table style=\"height: 1350px\" width=\"876\">\n<tbody>\n<tr>\n<td width=\"39%\">\n<p style=\"text-align: center\"><strong>Coll\u00e8ge<\/strong><\/p>\n<\/td>\n<td width=\"40%\">\n<p style=\"text-align: center\"><strong>PSY E.N EDO<br \/>\n<\/strong><\/p>\n<\/td>\n<td width=\"21%\">\n<p style=\"text-align: center\"><strong>Modalit\u00e9s<\/strong><\/p>\n<\/td>\n<\/tr>\n<tr>\n<td width=\"39%\"><span style=\"color: #0000ff\"><strong>Coll\u00e8ge Lucie Aubrac \u2013 DOUBS<\/strong><\/span><\/td>\n<td width=\"40%\"><span style=\"color: #000000\"><strong>Mme TORNARE Emmanuelle<\/strong><\/span><\/td>\n<td width=\"21%\">\n<p style=\"text-align: center\"><span style=\"color: #000000\"><strong>&nbsp;<span style=\"color: #008080\">S\u2019adresser au bureau de la Vie Scolaire<\/span><\/strong><\/span><\/p>\n<\/td>\n<\/tr>\n<tr>\n<td width=\"39%\"><span style=\"color: #0000ff\"><strong>Coll\u00e8ge Emile Laroue \u2013 FRASNE<\/strong><\/span><\/td>\n<td width=\"40%\"><strong><span style=\"color: #000000\">Mme DUPIRE Margaux<\/span><br \/>\n<\/strong><\/td>\n<td width=\"21%\">\n<p style=\"text-align: center\"><span style=\"color: #008080\"><strong>&nbsp;S\u2019adresser au CPE du coll\u00e8ge<\/strong><\/span><\/p>\n<\/td>\n<\/tr>\n<tr>\n<td width=\"39%\"><span style=\"color: #0000ff\"><strong>Coll\u00e8ge Mont Miroir \u2013 MAICHE<\/strong><\/span><\/td>\n<td width=\"40%\"><strong><span style=\"color: #000000\">Mme GIBAUD Nolwenn<\/span><br \/>\n<\/strong><\/td>\n<td width=\"21%\">\n<p style=\"text-align: center\"><span style=\"color: #008080\"><strong>&nbsp;S\u2019adresser au secr\u00e9tariat \u00e9l\u00e8ves<\/strong><\/span><\/p>\n<\/td>\n<\/tr>\n<tr>\n<td width=\"39%\"><span style=\"color: #0000ff\"><strong>Coll\u00e8ge J.C.Bouquet &#8211;&nbsp; &nbsp; &nbsp; MORTEAU&nbsp; &nbsp;&nbsp;<\/strong><\/span><\/p>\n<p>&nbsp;<\/td>\n<td width=\"40%\"><strong><span style=\"color: #000000\">Mme GIBAUD Nolwenn<\/span><br \/>\n<\/strong><\/td>\n<td width=\"21%\">\n<p style=\"text-align: center\"><span style=\"color: #008080\">&nbsp;<strong>S\u2019adresser au secr\u00e9tariat<\/strong><\/span><\/p>\n<\/td>\n<\/tr>\n<tr>\n<td width=\"39%\"><span style=\"color: #0000ff\"><strong>Coll\u00e8ge de la Source \u2013 MOUTHE<\/strong><\/span><\/td>\n<td width=\"40%\"><strong><span style=\"color: #000000\">Mme DUPIRE Margaux<\/span><br \/>\n<\/strong><\/td>\n<td width=\"21%\">\n<p style=\"text-align: center\"><span style=\"color: #008080\">&nbsp;<\/span><span style=\"color: #008000\"><strong><span style=\"color: #008080\">S\u2019adresser au CPE du coll\u00e8ge<\/span><br \/>\n<\/strong><\/span><\/p>\n<\/td>\n<\/tr>\n<tr>\n<td width=\"39%\"><span style=\"color: #0000ff\"><strong>Coll\u00e8ge P. Grenier \u2013 PONTARLIER<\/strong><\/span><\/td>\n<td width=\"40%\"><strong><span style=\"color: #000000\">Mme FORNARA-GAVIGNET Aurore<\/span><br \/>\n<\/strong><\/td>\n<td width=\"21%\">\n<p style=\"text-align: center\"><span style=\"color: #008000\">&nbsp;<span style=\"color: #008080\"><strong>S\u2019adresser au bureau de la Vie scolaire<\/strong><\/span><\/span><\/p>\n<\/td>\n<\/tr>\n<tr>\n<td width=\"39%\"><span style=\"color: #0000ff\"><strong>Coll\u00e8ge A. Malraux \u2013 PONTARLIER<\/strong><\/span><\/td>\n<td width=\"40%\"><strong><span style=\"color: #000000\">Mme MICHOULIER Cl\u00e9mentine<\/span><br \/>\n<\/strong><\/td>\n<td width=\"21%\">\n<p style=\"text-align: center\"><strong><span style=\"color: #000000\">&nbsp;<\/span><span style=\"color: #008000\"><span style=\"color: #008080\">&nbsp;S\u2019adresser au CPE du coll\u00e8ge<\/span><br \/>\n<\/span><\/strong><\/p>\n<\/td>\n<\/tr>\n<tr>\n<td width=\"39%\"><span style=\"color: #0000ff\"><strong>Coll\u00e8ge R. PERROT \u2013&nbsp;&nbsp;&nbsp;&nbsp;&nbsp; <\/strong><\/span><span style=\"color: #0000ff\"><strong>LE RUSSEY<\/strong><\/span><\/td>\n<td width=\"40%\"><strong>&nbsp;<span style=\"color: #000000\">Mme CASSARD Karine<\/span><br \/>\n<\/strong><\/td>\n<td width=\"21%\">\n<p style=\"text-align: center\"><span style=\"color: #008000\"><span style=\"color: #008080\">&nbsp;<\/span><strong><span style=\"color: #008080\">&nbsp;S\u2019adresser au CPE du coll\u00e8ge<\/span><br \/>\n<\/strong><\/span><\/p>\n<\/td>\n<\/tr>\n<tr>\n<td width=\"39%\"><span style=\"color: #0000ff\"><strong>Coll\u00e8ge J.C.Bouquet&nbsp; &nbsp; &nbsp; <\/strong><\/span><span style=\"color: #0000ff\"><strong>Site de VILLERS LE LAC<\/strong><\/span><\/td>\n<td width=\"40%\"><strong><span style=\"color: #000000\">Mme GIBAUD Nolwenn<\/span><br \/>\n<\/strong><\/td>\n<td width=\"21%\">\n<p style=\"text-align: center\"><strong><span style=\"color: #000000\">&nbsp;<\/span><span style=\"color: #008000\"><span style=\"color: #008080\">S\u2019adresser au CPE du coll\u00e8ge<\/span><br \/>\n<\/span><\/strong><\/p>\n<\/td>\n<\/tr>\n<\/tbody>\n<\/table>\n<p>&nbsp;<\/p>\n<h1 style=\"text-align: center\"><span style=\"color: #ff6600\"><strong><u>Les lyc\u00e9es<\/u><\/strong><\/span><\/h1>\n<table style=\"height: 1384px\" width=\"759\">\n<tbody>\n<tr>\n<td width=\"18%\"><strong>Lyc\u00e9e<\/strong><\/td>\n<td width=\"26%\"><strong>Classes<\/strong><\/td>\n<td width=\"17%\"><strong>PSY E.N EDO<br \/>\n<\/strong><\/td>\n<td width=\"38%\"><strong>Modalit\u00e9s<\/strong><\/td>\n<\/tr>\n<tr>\n<td rowspan=\"2\" width=\"18%\">\n<h4>&nbsp;<\/h4>\n<h4><span style=\"color: #999999\"><strong><a href=\"http:\/\/www.lycee-morteau.com\/\"><span style=\"color: #000000\"><span style=\"color: #0000ff\">Lyc\u00e9e E. Faure &#8211; MORTEAU<\/span><\/span><\/a><\/strong><\/span><\/h4>\n<\/td>\n<td width=\"26%\">\n<ul>\n<li><span style=\"color: #666699\"><strong>Secondes GT 6 \u00e0 10<\/strong><\/span><\/li>\n<li><span style=\"color: #666699\"><strong>Terminales g\u00e9n\u00e9rales de 4 \u00e0 6<\/strong><\/span><\/li>\n<li><span style=\"color: #666699\"><strong>Sections professionnelles BTS &#8211; DN MADE<\/strong><\/span><\/li>\n<\/ul>\n<\/td>\n<td width=\"17%\"><span style=\"color: #000000\"><strong>&nbsp;<\/strong><\/span><\/p>\n<p><span style=\"color: #000000\"><strong><span style=\"color: #000000\"> Mme MICHOULIER Cl\u00e9mentine<\/span><br \/>\n<\/strong><\/span><\/p>\n<p>&nbsp;<\/td>\n<td rowspan=\"2\" width=\"38%\">&nbsp;<\/p>\n<p>&nbsp;<\/p>\n<p><span style=\"color: #008080\"><strong>Prendre RDV en s&rsquo;inscrivant&nbsp; sur l&rsquo;agenda <\/strong><strong>&nbsp;aupr\u00e8s des assistants <\/strong><strong>d&rsquo;\u00e9ducation &#8211; Bureau de la Vie Scolaire<\/strong><\/span><\/p>\n<p>&nbsp;<\/p>\n<p>&nbsp;<\/td>\n<\/tr>\n<tr>\n<td width=\"26%\">\n<ul>\n<li><span style=\"color: #666699\"><strong>2ndes&nbsp; GT 1 \u00e0 5<\/strong><\/span><\/li>\n<li><span style=\"color: #666699\"><strong>Premi\u00e8res g\u00e9n\u00e9rales et technologiques<\/strong><\/span><\/li>\n<li><span style=\"color: #666699\"><strong>Terminales g\u00e9n\u00e9rales de 1 \u00e0 3<\/strong><\/span><\/li>\n<li><span style=\"color: #666699\"><strong>Terminales technologiques<\/strong><\/span><\/li>\n<\/ul>\n<p>&nbsp;<\/td>\n<td width=\"17%\"><span style=\"color: #000000\">&nbsp;<strong>Mme MULLER Aline<\/strong><\/span><\/td>\n<\/tr>\n<tr>\n<td rowspan=\"2\" width=\"18%\">\n<h4>&nbsp;<\/h4>\n<h4>&nbsp;<\/h4>\n<h4>&nbsp;<\/h4>\n<p>&nbsp;<\/p>\n<h4><span style=\"color: #0000ff\"><strong><a style=\"color: #0000ff\" href=\"https:\/\/lyc-xmarmier-pontarlier.eclat-bfc.fr\/\"><span style=\"color: #000000\"><span style=\"color: #0000ff\">Lyc\u00e9e X. Marmier &#8211; PONTARLIER<\/span><\/span><\/a><\/strong><\/span><\/h4>\n<\/td>\n<td width=\"26%\">\n<ul>\n<li><span style=\"color: #666699\"><strong>Secondes GT 1-2-4-6-8-9-10<\/strong><strong><br \/>\n<\/strong><\/span><\/li>\n<li><span style=\"color: #666699\"><strong>Premi\u00e8res et terminales STMG et ST2S<\/strong><\/span><\/li>\n<li><span style=\"color: #666699\"><strong>&nbsp;Sections professionnelles<br \/>\n<\/strong> <strong>BTS CG, CI, MCO et&nbsp;&nbsp;&nbsp;&nbsp;&nbsp;&nbsp;&nbsp;&nbsp;&nbsp;&nbsp;&nbsp; <\/strong><\/span><span style=\"color: #999999\"><strong><span style=\"color: #666699\">MC AG2S<\/span><br \/>\n<\/strong><\/span><\/li>\n<\/ul>\n<\/td>\n<td width=\"17%\"><strong><span style=\"color: #000000\">Mme CASSARD Karine<\/span><br \/>\n<\/strong><\/td>\n<td rowspan=\"3\" width=\"38%\">&nbsp;<\/p>\n<p>&nbsp;<\/p>\n<p><span style=\"color: #008080\"><strong>Prendre RV en s&rsquo;inscrivant&nbsp; sur l&rsquo;agenda <\/strong><strong>&nbsp;aupr\u00e8s des assistants <\/strong><strong>d&rsquo;\u00e9ducation &#8211; Bureau de la Vie Scolaire<\/strong><\/span><\/p>\n<p>&nbsp;<\/p>\n<p>&nbsp;<\/td>\n<\/tr>\n<tr>\n<td width=\"26%\">&nbsp;<\/td>\n<td width=\"17%\">&nbsp;<\/td>\n<\/tr>\n<tr>\n<td>&nbsp;<\/td>\n<td width=\"26%\">\n<ul>\n<li><span style=\"color: #666699\"><strong>Secondes GT 3-5-7-11-12-13-14<\/strong><\/span><\/li>\n<li><span style=\"color: #666699\"><strong>Premi\u00e8res g\u00e9n\u00e9rales 1 \u00e0 10<br \/>\n<\/strong><\/span><\/li>\n<li><span style=\"color: #666699\"><strong>Terminales g\u00e9n\u00e9rales 1 \u00e0 9<\/strong><\/span><\/li>\n<\/ul>\n<\/td>\n<td style=\"text-align: left\" width=\"17%\"><span style=\"color: #000000\"><strong>Mme FORNARA-GAVIGNET Aurore<\/strong><\/span>&nbsp;&nbsp;<\/td>\n<\/tr>\n<tr>\n<td width=\"18%\">\n<h4>&nbsp;<\/h4>\n<h4>&nbsp;<\/h4>\n<h4><span style=\"color: #000000\"><strong><a style=\"color: #000000\" href=\"https:\/\/www.lycee-toussaint-louverture.com\/\"><span style=\"color: #0000ff\">L.P. T. Louverture &#8211; PONTARLIER<\/span><\/a><\/strong><\/span><\/h4>\n<\/td>\n<td width=\"26%\">&nbsp;<\/p>\n<p>&nbsp;<\/p>\n<p><span style=\"color: #666699\"><strong>Toutes sections<\/strong><\/span><\/td>\n<td width=\"17%\">&nbsp;<\/p>\n<p>&nbsp;<\/p>\n<p><strong><span style=\"color: #000000\">Mme DUPIRE Margaux<\/span><br \/>\n<\/strong><\/td>\n<td width=\"38%\">&nbsp;<\/p>\n<p>&nbsp;<\/p>\n<p><span style=\"color: #008080\">&nbsp;<strong>Prendre RV au bureau des CPE<\/strong><\/span><\/td>\n<\/tr>\n<\/tbody>\n<\/table>\n","protected":false},"excerpt":{"rendered":"<p>Au CIO* (sur rendez-vous) &nbsp; \u2192 Du lundi au vendredi de 13h30 \u00e0 17h30 sur rendez-vous : prendre contact directement avec le CIO au 03 81 46 80 50 &nbsp; Lundi : Nolwenn GIBAUD \/ Aline MULLER Mardi : Emmanuelle &hellip; <a href=\"https:\/\/cio-pontarlier.ac-besancon.fr\/?page_id=248\">Continuer la lecture <span class=\"meta-nav\">&rarr;<\/span><\/a><\/p>\n","protected":false},"author":991,"featured_media":0,"parent":31,"menu_order":3,"comment_status":"closed","ping_status":"closed","template":"onecolumn-page.php","meta":{"ngg_post_thumbnail":0,"footnotes":""},"class_list":["post-248","page","type-page","status-publish","hentry"],"publishpress_future_action":{"enabled":false,"date":"2026-05-13 19:04:40","action":"change-status","newStatus":"draft","terms":[],"taxonomy":"","extraData":[]},"publishpress_future_workflow_manual_trigger":{"enabledWorkflows":[]},"_links":{"self":[{"href":"https:\/\/cio-pontarlier.ac-besancon.fr\/index.php?rest_route=\/wp\/v2\/pages\/248","targetHints":{"allow":["GET"]}}],"collection":[{"href":"https:\/\/cio-pontarlier.ac-besancon.fr\/index.php?rest_route=\/wp\/v2\/pages"}],"about":[{"href":"https:\/\/cio-pontarlier.ac-besancon.fr\/index.php?rest_route=\/wp\/v2\/types\/page"}],"author":[{"embeddable":true,"href":"https:\/\/cio-pontarlier.ac-besancon.fr\/index.php?rest_route=\/wp\/v2\/users\/991"}],"replies":[{"embeddable":true,"href":"https:\/\/cio-pontarlier.ac-besancon.fr\/index.php?rest_route=%2Fwp%2Fv2%2Fcomments&post=248"}],"version-history":[{"count":58,"href":"https:\/\/cio-pontarlier.ac-besancon.fr\/index.php?rest_route=\/wp\/v2\/pages\/248\/revisions"}],"predecessor-version":[{"id":252,"href":"https:\/\/cio-pontarlier.ac-besancon.fr\/index.php?rest_route=\/wp\/v2\/pages\/248\/revisions\/252"}],"up":[{"embeddable":true,"href":"https:\/\/cio-pontarlier.ac-besancon.fr\/index.php?rest_route=\/wp\/v2\/pages\/31"}],"wp:attachment":[{"href":"https:\/\/cio-pontarlier.ac-besancon.fr\/index.php?rest_route=%2Fwp%2Fv2%2Fmedia&parent=248"}],"curies":[{"name":"wp","href":"https:\/\/api.w.org\/{rel}","templated":true}]}}