{"id":162,"date":"2025-09-26T10:00:14","date_gmt":"2025-09-26T08:00:14","guid":{"rendered":"https:\/\/cio-pontarlier.ac-besancon.fr\/?page_id=162"},"modified":"2026-03-19T11:47:03","modified_gmt":"2026-03-19T10:47:03","slug":"actualites","status":"publish","type":"page","link":"https:\/\/cio-pontarlier.ac-besancon.fr\/?page_id=162","title":{"rendered":"ACTUALIT\u00c9S"},"content":{"rendered":"<h3>Dor\u00e9navant, vous pouvez nous suivre sur les r\u00e9seaux !<\/h3>\n<h5><a href=\"https:\/\/www.facebook.com\/profile.php?id=61579666421291\"><img loading=\"lazy\" decoding=\"async\" class=\"size-thumbnail wp-image-974 alignleft\" src=\"https:\/\/cio-pontarlier.ac-besancon.fr\/wp-content\/uploads\/sites\/128\/2026\/03\/FB-100x100.png\" alt=\"\" width=\"100\" height=\"100\" srcset=\"https:\/\/cio-pontarlier.ac-besancon.fr\/wp-content\/uploads\/sites\/128\/2026\/03\/FB-100x100.png 100w, https:\/\/cio-pontarlier.ac-besancon.fr\/wp-content\/uploads\/sites\/128\/2026\/03\/FB-400x400.png 400w, https:\/\/cio-pontarlier.ac-besancon.fr\/wp-content\/uploads\/sites\/128\/2026\/03\/FB-1024x1024.png 1024w, https:\/\/cio-pontarlier.ac-besancon.fr\/wp-content\/uploads\/sites\/128\/2026\/03\/FB.png 1500w\" sizes=\"auto, (max-width: 100px) 100vw, 100px\" \/><\/a><a href=\"https:\/\/www.instagram.com\/cio.pontarlier25300\/\"><img loading=\"lazy\" decoding=\"async\" class=\"alignnone size-thumbnail wp-image-975\" src=\"https:\/\/cio-pontarlier.ac-besancon.fr\/wp-content\/uploads\/sites\/128\/2026\/03\/Instagr\u0430m-Logo-100x100.png\" alt=\"\" width=\"100\" height=\"100\"\/><\/a><\/h5>\n<h3>&nbsp;<\/h3>\n<h3><strong>\u21d2Apr\u00e8s la 3\u00e8me&nbsp;&#8211; vous pouvez consulter la version en ligne du Conseil R\u00e9gional Bourgogne&nbsp;&nbsp;&nbsp; Franche-Comt\u00e9<\/strong><\/h3>\n<ul>\n<li><a href=\"https:\/\/www.calameo.com\/read\/00660881873e95b2b3f92\">Apr\u00e8s la 3\u00e8me&nbsp;<\/a><\/li>\n<li><a href=\"http:\/\/fr.calameo.com\/read\/000037547cf09a466cbb8\">Choisir l&rsquo;apprentissage<\/a><\/li>\n<\/ul>\n<h3><strong>\u21d2Apr\u00e8s la terminale &#8211; vous pouvez consulter la version en ligne du Conseil R\u00e9gional Bourgogne Franche-Comt\u00e9 :<\/strong><\/h3>\n<ul>\n<li><a href=\"https:\/\/www.explore-demain.fr\/fluid\/postbac\/d\/index.html?hybrid=1&amp;from=https%3A%2F%2Fwww.explore-demain.fr%2Ffluid%2Fpostbac%2Findex.html#\/page\/0\">Apr\u00e8s la terminale<\/a><\/li>\n<li><a href=\"\/Users\/sissenlor\/Downloads\/HANDI+_Num_Accessibible_150725.pdf\">Handi + des \u00e9tudes sup\u00e9rieures \u00e0 l&#8217;emploi <\/a><\/li>\n<\/ul>\n<hr noshade=\"noshade\" size=\"1\" width=\"100%\"\/>\n<h2>&nbsp;<\/h2>\n<h2 style=\"text-align: center\"><span style=\"color: #ff6600\"><b>Les forums :<\/b><\/span><\/h2>\n<p><b>\u2192 E.Forum (Forum post 3\u00e8me) : <\/b>du 26 janvier au 30 janvier 2026<\/p>\n<p>\u2192 <strong>Le Printemps&nbsp; de l&rsquo;orientation<\/strong> : date \u00e0 d\u00e9finir<\/p>\n<div align=\"center\">\n<hr noshade=\"noshade\" size=\"1\" width=\"100%\"\/>\n<h2 align=\"left\">&nbsp;<\/h2>\n<h2 style=\"text-align: center\" align=\"left\"><span style=\"color: #ff6600\"><b>Les journ\u00e9es \u00ab\u00a0Portes Ouvertes\u00a0\u00bb des \u00e9tablissements scolaires :<\/b><\/span><\/h2>\n<\/div>\n<div align=\"center\">\n<h3 align=\"left\">Se rendre sur les sites des \u00e9tablissements ou sur le site de l&rsquo;<a href=\"https:\/\/www.onisep.fr\/pres-de-chez-vous\/bourgogne-franche-comte\">Onisep<\/a><\/h3>\n<h3 align=\"left\">Chaque ann\u00e9e, l\u2019Universit\u00e9 de Franche-Comt\u00e9 organise des journ\u00e9es portes ouvertes sur les diff\u00e9rents sites :<\/h3>\n<h3 align=\"left\">Rendez-vous le 24 janvier et le 31 janvier 2026 de 9h \u00e0 17h<br \/>\npour les journ\u00e9es portes ouvertes de l\u2019universit\u00e9 Marie et Louis Pasteur !<\/h3>\n<h3 align=\"left\">Le 24 janvier 2026 pour les composantes des sites de Belfort, Montb\u00e9liard, Vesoul, Dole, Lons-le-Saunier<\/h3>\n<h3 align=\"left\">Le 31 janvier 2026 pour les composantes des sites de Besan\u00e7on<\/h3>\n<h2 style=\"text-align: center\" align=\"left\"><span style=\"color: #ff6600\"><strong>Forums et salons du sup\u00e9rieur :<\/strong><\/span><\/h2>\n<\/div>\n<h3><a href=\"https:\/\/www.onisep.fr\/pres-de-chez-vous\/bourgogne-franche-comte\"><span style=\"color: #000000\"><em><span style=\"color: #0000ff\">\u21d2&nbsp;Toutes les dates des forums de l&rsquo;enseignement sup\u00e9rieur<\/span><\/em><\/span><\/a><\/h3>\n<p>&nbsp;<\/p>\n<p>&nbsp;<\/p>\n<p style=\"text-align: left\"><span style=\"color: #000000\"><strong>\u2192 Studyrama<\/strong> :<\/span><\/p>\n<ul>\n<li style=\"text-align: left\">Salon Studyrama le 29 novembre 2025 \u00e0<strong> Besan\u00e7on<\/strong> Micropolis de 10h \u00e0 17h<\/li>\n<li>Salon Studyrama le 21 novembre 2025 \u00e0<strong> Dijon <\/strong>de 9h \u00e0 16h et le 22 novembre de 10h \u00e0 17h<\/li>\n<li>Salon Studyrama le 6 d\u00e9cembre 2025 \u00e0 <strong>Belfort<\/strong> de 10h \u00e0 17h<\/li>\n<\/ul>\n<p style=\"text-align: left\"><span style=\"color: #000000\"><strong>\u2192 Salon de l&rsquo;Etudiant<\/strong> :&nbsp;<\/span><\/p>\n<ul>\n<li>Salon de l&rsquo;Etudiant \u00e0 Besan\u00e7on le 10 janvier 2026 de 9h \u00e0 17h<\/li>\n<li>Salon de l&rsquo;Etudiant \u00e0 Dijon le 30 et 31 janvier 2026 de 9h \u00e0 17h<\/li>\n<\/ul>\n<p><span style=\"color: #000000\"><strong>\u2192 Forum des grandes \u00e9coles :<\/strong><\/span><\/p>\n<ul>\n<li><strong>Forum des grandes \u00e9coles de commerce<\/strong> au Lyc\u00e9e Courbet de <strong>Belfort<\/strong> le 22 novembre 2025 de 9h \u00e0 12h<\/li>\n<li><strong>Forum Grandes \u00e9coles scientifiques<\/strong> du lyc\u00e9e Victor Hugo de<strong> Besan\u00e7on<\/strong> le samedi 29 novembre 2025 de 9h \u00e0 12 heures<\/li>\n<li><strong>Forum CPGE<\/strong> au lyc\u00e9e Carnot de <strong>Dijon<\/strong> le 29 novembre 2025 de 9h \u00e0 15h<\/li>\n<li class=\"dot\"><strong>Forum grandes \u00e9coles de commerce<\/strong> au Lyc\u00e9e Louis Pergaud de <strong>Besan\u00e7on<\/strong> le 6 d\u00e9cembre 2025 de 8h30 \u00e0 12h30<\/li>\n<\/ul>\n<p>&nbsp;<\/p>\n<p>&nbsp; &nbsp; &nbsp; &nbsp; &nbsp; &nbsp; &nbsp; &nbsp; &nbsp; &nbsp; &nbsp; &nbsp; &nbsp; &nbsp; &nbsp;&nbsp;<\/p>\n<p><strong>&nbsp;<\/strong><\/p>\n<p><span style=\"color: #ff0000\"><strong>&nbsp;<\/strong><\/span><\/p>\n<p>&nbsp;<\/p>\n<h4>&nbsp;<\/h4>\n<p>&nbsp;<\/p>\n<p>&nbsp;<\/p>\n<div align=\"center\">\n<h4 align=\"right\">&nbsp;<\/h4>\n<\/div>\n","protected":false},"excerpt":{"rendered":"<p>Dor\u00e9navant, vous pouvez nous suivre sur les r\u00e9seaux ! &nbsp; \u21d2Apr\u00e8s la 3\u00e8me&nbsp;&#8211; vous pouvez consulter la version en ligne du Conseil R\u00e9gional Bourgogne&nbsp;&nbsp;&nbsp; Franche-Comt\u00e9 Apr\u00e8s la 3\u00e8me&nbsp; Choisir l&rsquo;apprentissage \u21d2Apr\u00e8s la terminale &#8211; vous pouvez consulter la version en &hellip; <a href=\"https:\/\/cio-pontarlier.ac-besancon.fr\/?page_id=162\">Continuer la lecture <span class=\"meta-nav\">&rarr;<\/span><\/a><\/p>\n","protected":false},"author":991,"featured_media":0,"parent":0,"menu_order":4,"comment_status":"closed","ping_status":"closed","template":"onecolumn-page.php","meta":{"ngg_post_thumbnail":0,"footnotes":""},"class_list":["post-162","page","type-page","status-publish","hentry"],"publishpress_future_action":{"enabled":false,"date":"2026-05-13 19:04:41","action":"change-status","newStatus":"draft","terms":[],"taxonomy":"","extraData":[]},"publishpress_future_workflow_manual_trigger":{"enabledWorkflows":[]},"_links":{"self":[{"href":"https:\/\/cio-pontarlier.ac-besancon.fr\/index.php?rest_route=\/wp\/v2\/pages\/162","targetHints":{"allow":["GET"]}}],"collection":[{"href":"https:\/\/cio-pontarlier.ac-besancon.fr\/index.php?rest_route=\/wp\/v2\/pages"}],"about":[{"href":"https:\/\/cio-pontarlier.ac-besancon.fr\/index.php?rest_route=\/wp\/v2\/types\/page"}],"author":[{"embeddable":true,"href":"https:\/\/cio-pontarlier.ac-besancon.fr\/index.php?rest_route=\/wp\/v2\/users\/991"}],"replies":[{"embeddable":true,"href":"https:\/\/cio-pontarlier.ac-besancon.fr\/index.php?rest_route=%2Fwp%2Fv2%2Fcomments&post=162"}],"version-history":[{"count":155,"href":"https:\/\/cio-pontarlier.ac-besancon.fr\/index.php?rest_route=\/wp\/v2\/pages\/162\/revisions"}],"predecessor-version":[{"id":976,"href":"https:\/\/cio-pontarlier.ac-besancon.fr\/index.php?rest_route=\/wp\/v2\/pages\/162\/revisions\/976"}],"wp:attachment":[{"href":"https:\/\/cio-pontarlier.ac-besancon.fr\/index.php?rest_route=%2Fwp%2Fv2%2Fmedia&parent=162"}],"curies":[{"name":"wp","href":"https:\/\/api.w.org\/{rel}","templated":true}]}}